{"id":5393,"date":"2021-02-02T08:14:51","date_gmt":"2021-02-02T08:14:51","guid":{"rendered":"https:\/\/www.tiniskitchen.com\/?page_id=5393"},"modified":"2021-03-25T10:00:33","modified_gmt":"2021-03-25T10:00:33","slug":"3557-2","status":"publish","type":"page","link":"https:\/\/www.tiniskitchen.com\/en\/","title":{"rendered":""},"content":{"rendered":"\n<div class=\"wp-block-columns is-layout-flex wp-container-core-columns-is-layout-9d6595d7 wp-block-columns-is-layout-flex\">\n<div class=\"wp-block-column is-layout-flow wp-block-column-is-layout-flow\" style=\"flex-basis:100%\">\n<figure class=\"tinisframsida\"><img loading=\"lazy\" decoding=\"async\" width=\"1024\" height=\"416\" class=\"wp-image-4415\" src=\"https:\/\/www.tiniskitchen.com\/wp-content\/uploads\/2021\/02\/tinis-kitchen-1024x416.jpg\" alt=\"Tinis Kitchen\" srcset=\"https:\/\/www.tiniskitchen.com\/wp-content\/uploads\/2021\/02\/tinis-kitchen-1024x416.jpg 1024w, https:\/\/www.tiniskitchen.com\/wp-content\/uploads\/2021\/02\/tinis-kitchen-400x163.jpg 400w, https:\/\/www.tiniskitchen.com\/wp-content\/uploads\/2021\/02\/tinis-kitchen-768x312.jpg 768w, https:\/\/www.tiniskitchen.com\/wp-content\/uploads\/2021\/02\/tinis-kitchen-1536x624.jpg 1536w, https:\/\/www.tiniskitchen.com\/wp-content\/uploads\/2021\/02\/tinis-kitchen.jpg 1920w\" sizes=\"auto, (max-width: 1024px) 100vw, 1024px\" \/><\/figure>\n\n\n\n<h2 class=\"senasterecept wp-block-heading\">Latest Recipes<\/h2>\n\n\n\n\n<\/div>\n<\/div>\n\n\n\n<p><\/p>\n","protected":false},"excerpt":{"rendered":"<p>Latest Recipes<\/p>\n","protected":false},"author":1,"featured_media":0,"parent":0,"menu_order":0,"comment_status":"closed","ping_status":"closed","template":"","meta":{"wprm-recipe-roundup-name":"","wprm-recipe-roundup-description":"","footnotes":""},"class_list":["post-5393","page","type-page","status-publish"],"yoast_head":"<!-- This site is optimized with the Yoast SEO plugin v26.6 - https:\/\/yoast.com\/wordpress\/plugins\/seo\/ -->\n<title>Tinis Kitchen - Matlagning och Recept fr\u00e5n hela v\u00e4rlden<\/title>\n<meta name=\"description\" content=\"P\u00e5 Tinis Kitchen delar jag med mig av recept och mer allm\u00e4nt om mat och matlagning fr\u00e5n hela v\u00e4rlden.\" \/>\n<meta name=\"robots\" content=\"index, follow, max-snippet:-1, max-image-preview:large, max-video-preview:-1\" \/>\n<link rel=\"canonical\" href=\"https:\/\/www.tiniskitchen.com\/en\/\" \/>\n<meta property=\"og:locale\" content=\"en_US\" \/>\n<meta property=\"og:type\" content=\"article\" \/>\n<meta property=\"og:title\" content=\"Tinis Kitchen - Matlagning och Recept fr\u00e5n hela v\u00e4rlden\" \/>\n<meta property=\"og:description\" content=\"P\u00e5 Tinis Kitchen delar jag med mig av recept och mer allm\u00e4nt om mat och matlagning fr\u00e5n hela v\u00e4rlden.\" \/>\n<meta property=\"og:url\" content=\"https:\/\/www.tiniskitchen.com\/en\/\" \/>\n<meta property=\"og:site_name\" content=\"Tini&#039;s Kitchen\" \/>\n<meta property=\"article:publisher\" content=\"https:\/\/www.facebook.com\/tiniskitchn\" \/>\n<meta property=\"article:modified_time\" content=\"2021-03-25T10:00:33+00:00\" \/>\n<meta property=\"og:image\" content=\"https:\/\/www.tiniskitchen.com\/wp-content\/uploads\/2021\/02\/tinis-kitchen-1024x416.jpg\" \/>\n<meta name=\"twitter:card\" content=\"summary_large_image\" \/>\n<script type=\"application\/ld+json\" class=\"yoast-schema-graph\">{\"@context\":\"https:\/\/schema.org\",\"@graph\":[{\"@type\":\"WebPage\",\"@id\":\"https:\/\/www.tiniskitchen.com\/en\/\",\"url\":\"https:\/\/www.tiniskitchen.com\/en\/\",\"name\":\"Tinis Kitchen - Matlagning och Recept fr\u00e5n hela v\u00e4rlden\",\"isPartOf\":{\"@id\":\"https:\/\/www.tiniskitchen.com\/en\/#website\"},\"primaryImageOfPage\":{\"@id\":\"https:\/\/www.tiniskitchen.com\/en\/#primaryimage\"},\"image\":{\"@id\":\"https:\/\/www.tiniskitchen.com\/en\/#primaryimage\"},\"thumbnailUrl\":\"https:\/\/www.tiniskitchen.com\/wp-content\/uploads\/2021\/02\/tinis-kitchen-1024x416.jpg\",\"datePublished\":\"2021-02-02T08:14:51+00:00\",\"dateModified\":\"2021-03-25T10:00:33+00:00\",\"description\":\"P\u00e5 Tinis Kitchen delar jag med mig av recept och mer allm\u00e4nt om mat och matlagning fr\u00e5n hela v\u00e4rlden.\",\"inLanguage\":\"en-US\",\"potentialAction\":[{\"@type\":\"ReadAction\",\"target\":[\"https:\/\/www.tiniskitchen.com\/en\/\"]}]},{\"@type\":\"ImageObject\",\"inLanguage\":\"en-US\",\"@id\":\"https:\/\/www.tiniskitchen.com\/en\/#primaryimage\",\"url\":\"https:\/\/www.tiniskitchen.com\/wp-content\/uploads\/2021\/02\/tinis-kitchen-1024x416.jpg\",\"contentUrl\":\"https:\/\/www.tiniskitchen.com\/wp-content\/uploads\/2021\/02\/tinis-kitchen-1024x416.jpg\"},{\"@type\":\"WebSite\",\"@id\":\"https:\/\/www.tiniskitchen.com\/en\/#website\",\"url\":\"https:\/\/www.tiniskitchen.com\/en\/\",\"name\":\"Tinis Kitchen\",\"description\":\"Food &amp; recipes from around the world\",\"potentialAction\":[{\"@type\":\"SearchAction\",\"target\":{\"@type\":\"EntryPoint\",\"urlTemplate\":\"https:\/\/www.tiniskitchen.com\/en\/?s={search_term_string}\"},\"query-input\":{\"@type\":\"PropertyValueSpecification\",\"valueRequired\":true,\"valueName\":\"search_term_string\"}}],\"inLanguage\":\"en-US\"}]}<\/script>\n<!-- \/ Yoast SEO plugin. -->","yoast_head_json":{"title":"Tinis Kitchen - Matlagning och Recept fr\u00e5n hela v\u00e4rlden","description":"P\u00e5 Tinis Kitchen delar jag med mig av recept och mer allm\u00e4nt om mat och matlagning fr\u00e5n hela v\u00e4rlden.","robots":{"index":"index","follow":"follow","max-snippet":"max-snippet:-1","max-image-preview":"max-image-preview:large","max-video-preview":"max-video-preview:-1"},"canonical":"https:\/\/www.tiniskitchen.com\/en\/","og_locale":"en_US","og_type":"article","og_title":"Tinis Kitchen - Matlagning och Recept fr\u00e5n hela v\u00e4rlden","og_description":"P\u00e5 Tinis Kitchen delar jag med mig av recept och mer allm\u00e4nt om mat och matlagning fr\u00e5n hela v\u00e4rlden.","og_url":"https:\/\/www.tiniskitchen.com\/en\/","og_site_name":"Tini&#039;s Kitchen","article_publisher":"https:\/\/www.facebook.com\/tiniskitchn","article_modified_time":"2021-03-25T10:00:33+00:00","og_image":[{"url":"https:\/\/www.tiniskitchen.com\/wp-content\/uploads\/2021\/02\/tinis-kitchen-1024x416.jpg","type":"","width":"","height":""}],"twitter_card":"summary_large_image","schema":{"@context":"https:\/\/schema.org","@graph":[{"@type":"WebPage","@id":"https:\/\/www.tiniskitchen.com\/en\/","url":"https:\/\/www.tiniskitchen.com\/en\/","name":"Tinis Kitchen - Matlagning och Recept fr\u00e5n hela v\u00e4rlden","isPartOf":{"@id":"https:\/\/www.tiniskitchen.com\/en\/#website"},"primaryImageOfPage":{"@id":"https:\/\/www.tiniskitchen.com\/en\/#primaryimage"},"image":{"@id":"https:\/\/www.tiniskitchen.com\/en\/#primaryimage"},"thumbnailUrl":"https:\/\/www.tiniskitchen.com\/wp-content\/uploads\/2021\/02\/tinis-kitchen-1024x416.jpg","datePublished":"2021-02-02T08:14:51+00:00","dateModified":"2021-03-25T10:00:33+00:00","description":"P\u00e5 Tinis Kitchen delar jag med mig av recept och mer allm\u00e4nt om mat och matlagning fr\u00e5n hela v\u00e4rlden.","inLanguage":"en-US","potentialAction":[{"@type":"ReadAction","target":["https:\/\/www.tiniskitchen.com\/en\/"]}]},{"@type":"ImageObject","inLanguage":"en-US","@id":"https:\/\/www.tiniskitchen.com\/en\/#primaryimage","url":"https:\/\/www.tiniskitchen.com\/wp-content\/uploads\/2021\/02\/tinis-kitchen-1024x416.jpg","contentUrl":"https:\/\/www.tiniskitchen.com\/wp-content\/uploads\/2021\/02\/tinis-kitchen-1024x416.jpg"},{"@type":"WebSite","@id":"https:\/\/www.tiniskitchen.com\/en\/#website","url":"https:\/\/www.tiniskitchen.com\/en\/","name":"Tinis Kitchen","description":"Food &amp; recipes from around the world","potentialAction":[{"@type":"SearchAction","target":{"@type":"EntryPoint","urlTemplate":"https:\/\/www.tiniskitchen.com\/en\/?s={search_term_string}"},"query-input":{"@type":"PropertyValueSpecification","valueRequired":true,"valueName":"search_term_string"}}],"inLanguage":"en-US"}]}},"_links":{"self":[{"href":"https:\/\/www.tiniskitchen.com\/en\/wp-json\/wp\/v2\/pages\/5393","targetHints":{"allow":["GET"]}}],"collection":[{"href":"https:\/\/www.tiniskitchen.com\/en\/wp-json\/wp\/v2\/pages"}],"about":[{"href":"https:\/\/www.tiniskitchen.com\/en\/wp-json\/wp\/v2\/types\/page"}],"author":[{"embeddable":true,"href":"https:\/\/www.tiniskitchen.com\/en\/wp-json\/wp\/v2\/users\/1"}],"replies":[{"embeddable":true,"href":"https:\/\/www.tiniskitchen.com\/en\/wp-json\/wp\/v2\/comments?post=5393"}],"version-history":[{"count":8,"href":"https:\/\/www.tiniskitchen.com\/en\/wp-json\/wp\/v2\/pages\/5393\/revisions"}],"predecessor-version":[{"id":6960,"href":"https:\/\/www.tiniskitchen.com\/en\/wp-json\/wp\/v2\/pages\/5393\/revisions\/6960"}],"wp:attachment":[{"href":"https:\/\/www.tiniskitchen.com\/en\/wp-json\/wp\/v2\/media?parent=5393"}],"curies":[{"name":"wp","href":"https:\/\/api.w.org\/{rel}","templated":true}]}}